{"id":100,"date":"2023-04-11T18:24:48","date_gmt":"2023-04-11T16:24:48","guid":{"rendered":"https:\/\/ambasciatapraga.esteri.it\/?page_id=100"},"modified":"2023-11-10T16:40:00","modified_gmt":"2023-11-10T13:40:00","slug":"turismo","status":"publish","type":"page","link":"https:\/\/ambdamasco.esteri.it\/it\/italia-e-siria\/diplomazia-culturale\/turismo\/","title":{"rendered":"Turismo"},"content":{"rendered":"<p>Il Ministero degli Affari Esteri e della Cooperazione Internazionale da tempo <span style=\"text-decoration: underline;\"><strong>sconsiglia viaggi ad ogni titolo in Siria<\/strong><\/span>, dati gli elevati fattori di rischio e di instabilit\u00e0 che continuano a caratterizzarlo (<a href=\"https:\/\/www.viaggiaresicuri.it\/find-country\/country\/SYR\">www.viaggiaresicuri.it<\/a>).<\/p>\n<p>L\u2019attuale contesto di sicurezza non offre infatti sufficienti garanzie di tutela e <strong><span style=\"text-decoration: underline;\">recarsi nel Paese risulta particolarmente pericoloso<\/span><\/strong>.<\/p>\n<p>Alla luce di quanto sopra appare pi\u00f9 che opportuno che, qualora si decida sotto la propria responsabilit\u00e0 di recarsi nel Paese nonostante il nostro sconsiglio, oltre a registrarsi sul sito <a href=\"http:\/\/www.dovesiamonelmondo.it\">www.dovesiamonelmondo.it<\/a>, si stabilisca e si mantenga un contatto con l\u2019Ambasciata d\u2019Italia, fornendo alla stessa precise indicazioni riguardo all\u2019itinerario programmato nonch\u00e9 ai contatti previsti. Il numero di telefono del cellulare di reperibilit\u00e0 di questa Sede \u00e8 +963.992.550.555, utile anche per comunicare a questa Sede anche i propri eventuali spostamenti nel Paese.<\/p>\n<p>Ricordiamo infine che le conseguenze dei viaggi all\u2019estero ricadono nell\u2019esclusiva responsabilit\u00e0 individuale di chi assume la decisione di intraprendere o organizzare i viaggi stessi, cos\u00ec come dell\u2019eventuale datore di lavoro sul quale incombono precisi doveri nei confronti dei propri dipendenti.<\/p>\n<p>&nbsp;<\/p>\n","protected":false},"excerpt":{"rendered":"Il Ministero degli Affari Esteri e della Cooperazione Internazionale da tempo sconsiglia viaggi ad ogni titolo in Siria, dati gli elevati fattori di rischio e di instabilit\u00e0 che continuano a caratterizzarlo (www.viaggiaresicuri.it). L\u2019attuale contesto di sicurezza non offre infatti sufficienti garanzie di tutela e recarsi nel Paese risulta particolarmente pericoloso. Alla luce di quanto sopra [&hellip;]","protected":false},"author":1,"featured_media":0,"parent":44,"menu_order":0,"comment_status":"closed","ping_status":"closed","template":"","meta":{"footnotes":""},"class_list":["post-100","page","type-page","status-publish","hentry"],"_links":{"self":[{"href":"https:\/\/ambdamasco.esteri.it\/it\/wp-json\/wp\/v2\/pages\/100","targetHints":{"allow":["GET"]}}],"collection":[{"href":"https:\/\/ambdamasco.esteri.it\/it\/wp-json\/wp\/v2\/pages"}],"about":[{"href":"https:\/\/ambdamasco.esteri.it\/it\/wp-json\/wp\/v2\/types\/page"}],"author":[{"embeddable":true,"href":"https:\/\/ambdamasco.esteri.it\/it\/wp-json\/wp\/v2\/users\/1"}],"replies":[{"embeddable":true,"href":"https:\/\/ambdamasco.esteri.it\/it\/wp-json\/wp\/v2\/comments?post=100"}],"version-history":[{"count":3,"href":"https:\/\/ambdamasco.esteri.it\/it\/wp-json\/wp\/v2\/pages\/100\/revisions"}],"predecessor-version":[{"id":174,"href":"https:\/\/ambdamasco.esteri.it\/it\/wp-json\/wp\/v2\/pages\/100\/revisions\/174"}],"up":[{"embeddable":true,"href":"https:\/\/ambdamasco.esteri.it\/it\/wp-json\/wp\/v2\/pages\/44"}],"wp:attachment":[{"href":"https:\/\/ambdamasco.esteri.it\/it\/wp-json\/wp\/v2\/media?parent=100"}],"curies":[{"name":"wp","href":"https:\/\/api.w.org\/{rel}","templated":true}]}}