{"id":101,"date":"2023-04-11T18:24:57","date_gmt":"2023-04-11T16:24:57","guid":{"rendered":"https:\/\/ambasciatapraga.esteri.it\/?page_id=101"},"modified":"2025-04-16T13:40:37","modified_gmt":"2025-04-16T10:40:37","slug":"lingua-e-cultura-italiana","status":"publish","type":"page","link":"https:\/\/ambdamasco.esteri.it\/it\/italia-e-siria\/diplomazia-culturale\/lingua-e-cultura-italiana\/","title":{"rendered":"Lingua e Cultura italiana"},"content":{"rendered":"<p>Perch\u00e9 dovresti imparare l\u2019italiano?<\/p>\n<p>L\u2019italiano \u00e8 una lingua ricca di cultura, ti aprir\u00e0 le porte a un patrimonio letterario di grande importanza nella storia europea. Potrai esplorare testi umanistici, scientifici e immergerti nella produzione artistica italiana, che spazia dal teatro alla musica, dall\u2019opera al cinema e alla televisione, dal design all\u2019architettura.<\/p>\n<p>Inoltre, l\u2019italiano \u00e8 una lingua di studio, attraente per molti studenti che scelgono di frequentare le nostre scuole, universit\u00e0, accademie e biblioteche ogni anno.<\/p>\n<p>Ma non \u00e8 solo una lingua di cultura e studio, \u00e8 anche una lingua di lavoro. Manager, investitori, tecnici e lavoratori di varie categorie entrano in contatto con il mondo industriale, artigianale e dei servizi italiano, aprendo opportunit\u00e0 professionali al di l\u00e0 dei confini nazionali. Parlando italiano, la visita al nostro Paese diventa un autentico piacere, permettendoti di esplorare citt\u00e0 d\u2019arte e meraviglie naturali, e di interagire con gente ospitale e accogliente.<\/p>\n<p>Se desideri apprendere l\u2019italiano comodamente da casa tua, l\u2019Istituto Italiano di Cultura organizza corsi online regolari e intensivi. Al termine dell\u2019ultimo sotto-livello, puoi ottenere un attestato di frequenza (su richiesta).<\/p>\n<p>Ricorda che il pagamento deve essere effettuato in contanti prima dell\u2019inizio dei corsi, e la partecipazione alla verifica finale \u00e8 obbligatoria per completare ciascun livello. La flessibilit\u00e0 offerta dai corsi online si adatta al tuo ritmo di apprendimento, consentendoti di bilanciare studio e altre attivit\u00e0.<\/p>\n<p>I corsi offerti si allineano al Quadro Comune Europeo di Riferimento per le Lingue, offrendo livelli da A1 a C1. Ogni livello \u00e8 progettato per rispondere alle esigenze locali.<\/p>\n<p>Per tutte le informazioni sui corsi online offerti e sui loro costi, si invita a visitare il Sito Web dell\u2019IIC di Beirut\u00a0<a href=\"https:\/\/iicbeirut.esteri.it\/it\/lingua-e-cultura\/i-corsi-di-lingua\/calendario-corsi\/\">https:\/\/iicbeirut.esteri.it\/it\/lingua-e-cultura\/i-corsi-di-lingua\/calendario-corsi\/<\/a><\/p>\n<p>Per maggiori informazioni, mandare un messaggio via whatsapp al numero +961-76\/462130<\/p>\n<p>E\u2019 possibile iscriversi ed ottenere i libri direttamente presso <strong>l\u2019Istituto Italiano di Cultura a Damasco<\/strong> previo appuntamento da prendere telefonicamente al numero +963-11-3319543 o via email <a href=\"mailto:iicdamasco@esteri.it\">iicdamasco@esteri.it<\/a>.<\/p>\n<p>&nbsp;<\/p>\n","protected":false},"excerpt":{"rendered":"Perch\u00e9 dovresti imparare l\u2019italiano? L\u2019italiano \u00e8 una lingua ricca di cultura, ti aprir\u00e0 le porte a un patrimonio letterario di grande importanza nella storia europea. Potrai esplorare testi umanistici, scientifici e immergerti nella produzione artistica italiana, che spazia dal teatro alla musica, dall\u2019opera al cinema e alla televisione, dal design all\u2019architettura. Inoltre, l\u2019italiano \u00e8 una [&hellip;]","protected":false},"author":1,"featured_media":0,"parent":44,"menu_order":1,"comment_status":"closed","ping_status":"closed","template":"","meta":{"footnotes":""},"class_list":["post-101","page","type-page","status-publish","hentry"],"_links":{"self":[{"href":"https:\/\/ambdamasco.esteri.it\/it\/wp-json\/wp\/v2\/pages\/101","targetHints":{"allow":["GET"]}}],"collection":[{"href":"https:\/\/ambdamasco.esteri.it\/it\/wp-json\/wp\/v2\/pages"}],"about":[{"href":"https:\/\/ambdamasco.esteri.it\/it\/wp-json\/wp\/v2\/types\/page"}],"author":[{"embeddable":true,"href":"https:\/\/ambdamasco.esteri.it\/it\/wp-json\/wp\/v2\/users\/1"}],"replies":[{"embeddable":true,"href":"https:\/\/ambdamasco.esteri.it\/it\/wp-json\/wp\/v2\/comments?post=101"}],"version-history":[{"count":6,"href":"https:\/\/ambdamasco.esteri.it\/it\/wp-json\/wp\/v2\/pages\/101\/revisions"}],"predecessor-version":[{"id":1168,"href":"https:\/\/ambdamasco.esteri.it\/it\/wp-json\/wp\/v2\/pages\/101\/revisions\/1168"}],"up":[{"embeddable":true,"href":"https:\/\/ambdamasco.esteri.it\/it\/wp-json\/wp\/v2\/pages\/44"}],"wp:attachment":[{"href":"https:\/\/ambdamasco.esteri.it\/it\/wp-json\/wp\/v2\/media?parent=101"}],"curies":[{"name":"wp","href":"https:\/\/api.w.org\/{rel}","templated":true}]}}