{"id":13,"date":"2023-04-11T17:07:36","date_gmt":"2023-04-11T15:07:36","guid":{"rendered":"https:\/\/ambasciatapraga.esteri.it\/?page_id=13"},"modified":"2026-02-08T14:37:24","modified_gmt":"2026-02-08T11:37:24","slug":"chi-siamo","status":"publish","type":"page","link":"https:\/\/ambdamasco.esteri.it\/it\/chi-siamo\/","title":{"rendered":"Chi siamo"},"content":{"rendered":"<p>L\u2019Ambasciata d\u2019Italia a Damasco \u00e8 sita in Via Ata Al Ayoubi 4 nel quartiere di Malki, ed \u00e8 aperta al pubblico per i servizi consolari, previo appuntamento, che pu\u00f2 essere richiesto via mail all\u2019indirizzo\u00a0<a href=\"mailto:consolare.damasco@esteri.it\">consolare.damasco@esteri.it<\/a>.<\/p>\n<p>E\u2019 escluso al momento il rilascio dei\u00a0<a href=\"https:\/\/ambbeirut.esteri.it\/ambasciata_beirut\/it\/informazioni_e_servizi\/visti\/\">visti per i cittadini stranieri<\/a>, per cui \u00e8 competente l\u2019Ambasciata d\u2019Italia a Beirut.<\/p>\n","protected":false},"excerpt":{"rendered":"L\u2019Ambasciata d\u2019Italia a Damasco \u00e8 sita in Via Ata Al Ayoubi 4 nel quartiere di Malki, ed \u00e8 aperta al pubblico per i servizi consolari, previo appuntamento, che pu\u00f2 essere richiesto via mail all\u2019indirizzo\u00a0consolare.damasco@esteri.it. E\u2019 escluso al momento il rilascio dei\u00a0visti per i cittadini stranieri, per cui \u00e8 competente l\u2019Ambasciata d\u2019Italia a Beirut.","protected":false},"author":1,"featured_media":0,"parent":0,"menu_order":2,"comment_status":"closed","ping_status":"closed","template":"","meta":{"footnotes":""},"class_list":["post-13","page","type-page","status-publish","hentry"],"_links":{"self":[{"href":"https:\/\/ambdamasco.esteri.it\/it\/wp-json\/wp\/v2\/pages\/13","targetHints":{"allow":["GET"]}}],"collection":[{"href":"https:\/\/ambdamasco.esteri.it\/it\/wp-json\/wp\/v2\/pages"}],"about":[{"href":"https:\/\/ambdamasco.esteri.it\/it\/wp-json\/wp\/v2\/types\/page"}],"author":[{"embeddable":true,"href":"https:\/\/ambdamasco.esteri.it\/it\/wp-json\/wp\/v2\/users\/1"}],"replies":[{"embeddable":true,"href":"https:\/\/ambdamasco.esteri.it\/it\/wp-json\/wp\/v2\/comments?post=13"}],"version-history":[{"count":5,"href":"https:\/\/ambdamasco.esteri.it\/it\/wp-json\/wp\/v2\/pages\/13\/revisions"}],"predecessor-version":[{"id":2057,"href":"https:\/\/ambdamasco.esteri.it\/it\/wp-json\/wp\/v2\/pages\/13\/revisions\/2057"}],"wp:attachment":[{"href":"https:\/\/ambdamasco.esteri.it\/it\/wp-json\/wp\/v2\/media?parent=13"}],"curies":[{"name":"wp","href":"https:\/\/api.w.org\/{rel}","templated":true}]}}