{"id":186,"date":"2023-11-15T14:58:39","date_gmt":"2023-11-15T11:58:39","guid":{"rendered":"https:\/\/ambdamasco.esteri.it\/?page_id=186"},"modified":"2023-11-24T15:57:36","modified_gmt":"2023-11-24T12:57:36","slug":"anagrafe-italiani-residenti-allestero-a-i-r-e","status":"publish","type":"page","link":"https:\/\/ambdamasco.esteri.it\/it\/servizi-consolari-e-visti\/servizi-per-il-cittadino-italiano\/anagrafe-italiani-residenti-allestero-a-i-r-e\/","title":{"rendered":"Anagrafe Italiani residenti all&#8217;estero (A.I.R.E.)"},"content":{"rendered":"<div>\n<p>L\u2019Anagrafe degli Italiani Residenti all\u2019Estero (A.I.R.E.) contiene i dati dei cittadini italiani che risiedono all\u2019estero per un periodo superiore ai dodici mesi.<\/p>\n<p>Essa \u00e8 <strong>gestita dai Comuni italiani e dal Ministero dell\u2019Interno<\/strong> sulla base delle informazioni provenienti dagli Uffici consolari. Dato che l&#8217;unico ente titolare delle funzioni anagrafiche \u00e8 il Comune italiano, <strong>la richiesta d&#8217;iscrizione all\u2019AIRE viene inoltrata al Comune competente<\/strong>, il quale provvede all&#8217;aggiornamento della posizione di residenza e delle liste elettorali.<\/p>\n<p>L&#8217;iscrizione AIRE comporta la cancellazione dalla residenza dal territorio della Repubblica Italiana (cancellazione dall&#8217;A.N.P.R. \u2013 Anagrafe Nazionale della Popolazione Residente). Una volta effettuata, viene notificata direttamente dal Comune al cittadino. Da quel momento, per eventuali verifiche e comunicazioni i cittadini dovranno rivolgersi direttamente al proprio Comune di residenza in Italia (e non all\u2019Ufficio Consolare).<\/p>\n<p>L\u2019iscrizione all\u2019AIRE, una volta perfezionata, produrr\u00e0 i suoi effetti a decorrere dalla data in cui il cittadino aveva presentato l\u2019istanza all\u2019Ufficio Consolare (D.L 25 marzo 2019 n.22 art.16 comma 3).<\/p>\n<p>I cittadini italiani residenti al di fuori dell&#8217;Italia sono quindi tenuti ad informare il Consolato italiano del luogo di residenza su ogni variazione intervenuta riguardo a:<\/p>\n<p>&#8211; indirizzo all&#8217;estero;<\/p>\n<p>&#8211; cittadinanza<\/p>\n<p>&#8211; stato civile;<\/p>\n<p>&#8211; composizione del nucleo familiare;<\/p>\n<p>&#8211; cambio di nome.<\/p>\n<p>La tempestiva comunicazione all\u2019Ufficio Consolare dei cambiamenti riguardanti la situazione anagrafica &#8211; oltre ad essere un dovere del cittadino \u2013 consente all\u2019Ufficio Consolare di mantenere sempre aggiornate le informazioni riguardanti i residenti nella propria circoscrizione e facilita l\u2019erogazione dei servizi a questi ultimi.<\/p>\n<p>Gli schedari consolari <strong>NON hanno valore anagrafico<\/strong>; gli uffici consolari <strong>NON possono<\/strong> pertanto rilasciare certificati di residenza n\u00e9 di stato di famiglia. Il Consolato potr\u00e0 rilasciare solo certificazioni di iscrizione nello schedario, nelle quali si potr\u00e0 indicare che l&#8217;interessato risulta abitare all&#8217;indirizzo presente in schedario, nonch\u00e9 quale risulta essere, sempre nello schedario, la composizione del nucleo familiare.<\/p>\n<p>L\u2019iscrizione all\u2019AIRE \u00e8 <strong>GRATUITA<\/strong>.<\/p>\n<p><strong>1. Chi si deve iscrivere all&#8217;AIRE<\/strong><\/p>\n<p>Devono obbligatoriamente iscriversi all\u2019AIRE:<\/p>\n<p>\u2022 i cittadini italiani che trasferiscono la propria residenza all\u2019estero <strong>per periodi superiori a 12 mesi<\/strong>; la dichiarazione deve essere presentata entro 90 giorni dall\u2019espatrio definitivo;<\/p>\n<p>\u2022 quelli che gi\u00e0 risiedono all&#8217;estero, sia perch\u00e9 <strong>nati all\u2019estero<\/strong> che per successivo <strong>acquisto della cittadinanza italiana<\/strong> a qualsiasi titolo.<\/p>\n<p><strong>Non devono<\/strong> iscriversi all\u2019AIRE:<\/p>\n<p>\u2022 le persone che si recano all\u2019estero per un periodo di tempo <strong>inferiore ad un anno<\/strong> (per es.: lavoratori stagionali, studenti) e che mantengono la residenza in Italia;<\/p>\n<p>\u2022 <strong>i dipendenti di ruolo dello Stato in servizio all\u2019estero<\/strong>, che siano notificati ai sensi delle Convenzioni di Vienna sulle relazioni diplomatiche e sulle relazioni consolari rispettivamente del 1961 e del 1963<\/p>\n<p>\u2022 <strong>i dirigenti scolastici, docenti e personale amministrativo della scuola<\/strong> collocati fuori ruolo ed inviati all&#8217;estero nell&#8217;ambito di attivit\u00e0 scolastiche fuori dal territorio nazionale<\/p>\n<p>\u2022<strong> i militari italiani<\/strong> in servizio all\u2019estero.<\/p>\n<p>I connazionali che soggiornano in Siria per un periodo inferiore ai 12 mesi non sono tenuti ad iscriversi all\u2019AIRE, ma sono invitati a riempire un modulo di iscrizione nel registro dei cittadini temporaneamente soggiornanti in Siria e trasmetterlo a questa Cancelleria Consolare.<\/p>\n<p><strong>2. Modalit\u00e0 per chiedere l&#8217;iscrizione\/variazione AIRE<\/strong><\/p>\n<p>Dal 03.02.2020, <strong>l\u2019iscrizione\/variazione AIRE si effettua tramite il portale FAST IT<\/strong> (Farnesina Servizi Telematici per Italiani all&#8217;estero &#8211; <strong><a href=\"https:\/\/serviziconsolari.esteri.it\/ScoFE\/index.sco\">https:\/\/serviziconsolari.esteri.it\/ScoFE\/index.sco<\/a><\/strong>). Dopo essersi registrato sul portale, il cittadino pu\u00f2 chiedere l&#8217;iscrizione AIRE compilando on-line il modulo di iscrizione ed allegando il documento d&#8217;identit\u00e0 e la prova di residenza rilasciata dal Moukhtar, tradotta e legalizzata, di tutti i membri della famiglia.<\/p>\n<p><strong>CONSIGLI UTILI PER USARE LA PIATTAFORMA FAST IT<\/strong><\/p>\n<p>\u2022 \u00e8 necessario disporre di stampante e scanner (evitare scansioni a colori o fotografie, solo scansioni in &#8220;bianco e nero&#8221;);<\/p>\n<p>\u2022 Non vanno inseriti nel portale documenti d&#8217;identit\u00e0 scaduti;<\/p>\n<p>\u2022 per la firma del modulo generato dal sistema esistono due possibilit\u00e0:<\/p>\n<p>a) stampare la domanda su carta, firmarla a penna, fare la scansione digitale;<\/p>\n<p>b) firmare il file PDF con la propria firma digitale, senza stamparlo (per informazioni su come firmare digitalmente un documento si consiglia di visitare il sito web dell\u2019Agenzia per l\u2019Italia Digitale- Agid &#8211; <strong><a href=\"https:\/\/www.agid.gov.it\">https:\/\/www.agid.gov.it<\/a>)<\/strong><\/p>\n<p>\u2022 documenti d&#8217;identit\u00e0: scansione del documento d&#8217;identit\u00e0 italiano (passaporto, incluse le pagine con foto, firma e dati anagrafici (pag. 2 e 3) e pagina in cui figura l\u2019Autorit\u00e0 che ha rilasciato il documento (pag. 4 e 5)) e, in caso di familiari conviventi, dei loro documenti (fotocopia dei documenti d\u2019identit\u00e0 italiani e scansione del passaporto di tutti i componenti del nucleo familiare che sono residenti all&#8217;estero e che vivono nella stessa abitazione; in caso di coniuge straniero copia del passaporto nazionale; in caso di iscrizione di soli figli minori si raccomanda di caricare i documenti di riconoscimento di entrambi i genitori;<\/p>\n<p>\u2022 prova di residenza: scansione di un documento comprovante la residenza nella circoscrizione consolare &#8211; certificato di residenza rilasciato dall\u2019autorit\u00e0 locale (Moukhtar) i cui figurino i nominativi di tutti i componenti del nucleo familiare che vivono nella stessa abitazione;<\/p>\n<p>\u2022 quando si \u00e8 in possesso dei tre file diversi (domanda, documenti e prova di residenza &#8211; dimensioni massime 1 MB) bisogna tornare sulla pagina di richiesta del servizio per concludere, utilizzando l\u2019icona <strong>&#8220;Inviare la richiesta<\/strong>&#8220;;<\/p>\n<p>\u2022 se l&#8217;utente ha gi\u00e0 aperto un\u2019utenza FAST IT presso un altro Ufficio Consolare, prima di fare l&#8217;iscrizione deve spostare il suo account personale con la funzione <strong>&#8220;Cambio Sede&#8221;<\/strong> portando la propria utenza su <strong>&#8220;Siria &gt; Damasco&#8221;<\/strong><\/p>\n<p><strong>Link della piattaforma FAST IT: <a href=\"https:\/\/serviziconsolarionline.esteri.it\">https:\/\/serviziconsolarionline.esteri.it<\/a><\/strong><\/p>\n<p><strong>NON \u00c8 PERMESSO L&#8217;INVIO DI RICHIESTE DI SERVIZI CONSOLARI CONTESTUALMENTE ALLA RICHIESTA DI ISCRIZIONE ALL&#8217;AIRE (PER ES.:RICHIESTA PASSAPORTO, CERTIFICATI, ECC.).<\/strong><\/p>\n<p>Tali servizi potranno essere richiesti ed erogati solo dopo la ricezione dell&#8217;avviso formale di avvio della procedura di <strong>iscrizione\/variazione AIRE<\/strong> al Comune competente, che verr\u00e0 anche inviata al cittadino presso la sua casella email personale.<\/p>\n<p>I connazionali <strong>che non sono ancora in possesso di un documento d&#8217;identit\u00e0 italiano<\/strong> possono presentare un documento d&#8217;identit\u00e0 straniero e una copia dell&#8217;atto di nascita <strong>trascritto\/rilasciato<\/strong> dal Comune italiano di riferimento.<\/p>\n<p>I connazionali residenti nella circoscrizione consolare che hanno subito il furto\/smarrimento del proprio documento d&#8217;identit\u00e0 possono presentare copia della denuncia sporta alle Autorit\u00e0 di Polizia locali (in genere quelle competenti nel luogo dove si presume sia avvenuto il furto\/smarrimento) e &#8211; se in loro possesso \u2013 una fotocopia del documento italiano rubato\/smarrito. In ogni caso \u00e8 necessario presentare anche la prova di residenza nella circoscrizione consolare di competenza e\/o qualsiasi altro documento di identificazione.<\/p>\n<p><strong>3. Iscrizione AIRE di minorenni conviventi con un solo genitore<\/strong><\/p>\n<p>L&#8217;iscrizione AIRE di un minorenne richiede sempre il consenso di entrambi i genitori. Infatti entrambi hanno la <strong>responsabilit\u00e0 genitoriale<\/strong> e di<strong> comune accordo<\/strong> stabiliscono quindi la residenza abituale del minore.<\/p>\n<p>La richiesta di iscrizione\/variazione AIRE di un minore <strong>non convivente con entrambi i genitori<\/strong> deve essere sottoscritta da entrambi gli esercenti la responsabilit\u00e0 genitoriale e accompagnata dalle copie dei documenti d&#8217;identit\u00e0 di entrambi i firmatari.<\/p>\n<p>Il consenso deve essere <strong>attuale<\/strong>, cio\u00e8 espresso in tempi ravvicinati o comunque riferirsi espressamente alla domanda di variazione della residenza.<\/p>\n<p>Se il genitore che presenta la richiesta dichiara che <strong>non occorre\/non esiste<\/strong> il consenso dell\u2019altro genitore, ad esempio perch\u00e9 deceduto o per altra causa, \u00e8 sempre tenuto a fornire <strong>evidenza documentale<\/strong> (es. certificato di morte dell\u2019altro genitore, provvedimento giudiziario che esclude la responsabilit\u00e0 genitoriale, ecc).<\/p>\n<p>Se il genitore che presenta la richiesta dichiara che <strong>risulta impossibile<\/strong> ottenere il consenso dell\u2019altro genitore (ad esempio perch\u00e9 irreperibile), \u00e8 tenuto a fornire all\u2019Ufficio Consolare le informazioni di contatto pi\u00f9 aggiornate di cui dispone, utili a rintracciarlo.<\/p>\n<p><strong>4. Modifiche della residenza all&#8217;estero (cambio di indirizzo, trasferimento ad altri Paesi)<\/strong><\/p>\n<p>Dopo l&#8217;iscrizione nell&#8217;AIRE del Comune competente, i connazionali devono mantenere aggiornata la propria posizione anagrafica, <strong>comunicando tempestivamente<\/strong> alla Cancelleria Consolare competente, <strong>preferibilmente tramite FAST-IT<\/strong>, qualsiasi modifica della residenza all&#8217;estero.<\/p>\n<p>Il <strong>cambio di indirizzo all&#8217;interno della stessa circoscrizione consolare<\/strong> pu\u00f2 essere comunicato <strong>tramite il portale FAST IT<\/strong>, allegando un documento d&#8217;identit\u00e0.<\/p>\n<p>In caso di <strong>trasferimento presso altro Paese estero<\/strong>, il connazionale deve richiedere l&#8217;iscrizione presso il nuovo Ufficio Consolare entro un massimo di 180 giorni. Si avverte che, in caso di mancata registrazione presso il nuovo ufficio consolare, si pu\u00f2 incorrere in un provvedimento di <strong>cancellazione per irreperibilit\u00e0<\/strong>, ex Legge 104\/2002. Si consiglia vivamente di non ritardare tale iscrizione pi\u00f9 del necessario.<\/p>\n<p><strong>5. Cancellazione dall&#8217;AIRE (trasferimento in Italia, irreperibilit\u00e0, perdita cittadinanza, decesso)<\/strong><\/p>\n<p><strong>Trasferimento<\/strong><\/p>\n<p>L&#8217;unica Autorit\u00e0 che pu\u00f2 effettuare la cancellazione AIRE \u00e8 il Comune italiano. Gli Uffici Consolari annotano unicamente il rimpatrio nel proprio schedario, non avente valore anagrafico. All&#8217;arrivo in territorio italiano, il cittadino si deve rivolgere quanto prima al Municipio prescelto e chiedere l&#8217;iscrizione nell&#8217;Anagrafe della Popolazione Residente. In caso di mancata conferma presso il Comune, le posizioni AIRE ed elettorali rimarranno invariate.<\/p>\n<p><strong>La modifica della residenza non \u00e8 automatica: solo l\u2019iscrizione del cittadino presso l\u2019ANPR (Anagrafe Nazionale della Popolazione Residente) del Comune prescelto pu\u00f2 ripristinare la residenza anagrafica in Italia e l&#8217;iscrizione nell&#8217;elenco degli elettori nel territorio della Repubblica.<\/strong><\/p>\n<p>Altri motivi di cancellazione dell&#8217;AIRE sono:<\/p>\n<p>\u00b7 <strong>irreperibilit\u00e0<\/strong>, in particolare quando non risulti pi\u00f9 valido l\u2019indirizzo all\u2019estero (per questo motivo \u00e8 fondamentale comunicare tempestivamente le variazioni di indirizzo);<\/p>\n<p>\u00b7 <strong>perdita della cittadinanza<\/strong> italiana;<\/p>\n<p>\u00b7 <strong>decesso<\/strong> (compresa la morte presunta giudizialmente dichiarata).<\/p>\n<p><strong>6. Trasferimento AIRE\/AIRE (cambio del Comune AIRE)<\/strong><\/p>\n<p>I cittadini gi\u00e0 iscritti nell&#8217;AIRE di un Comune possono richiedere di spostare l\u2019iscrizione presso l\u2019AIRE di un altro Comune italiano, presentando domanda nei casi previsti dalla legge, indicati di seguito:<\/p>\n<p>1. trasferimento nell&#8217;AIRE di un Comune nella cui ANPR (Anagrafe della popolazione residente in Italia) sono iscritti membri del nucleo familiare;<\/p>\n<p>2. trasferimento nell&#8217;AIRE di un Comune nella cui AIRE sono gi\u00e0 iscritti membri del nucleo familiare;<\/p>\n<p>In casi diversi dai due elencati sopra, il trasferimento \u00e8 soggetto alla valutazione dei due Comuni interessati. In caso di accettazione della domanda di trasferimento AIRE, viene spostata anche l&#8217;iscrizione nelle liste elettorali del nuovo Comune.<\/p>\n<p>Per spostare assieme a s\u00e9 i figli minorenni \u00e8 necessario allegare una dichiarazione di assenso firmata da entrambi i genitori.<\/p>\n<p><strong>Modulistica<\/strong><\/p>\n<p><strong>[Modulo iscrizione AIRE]<\/strong> pu\u00f2 essere scaricato <a href=\"https:\/\/ambdamasco.esteri.it\/wp-content\/uploads\/2023\/11\/Modulo-Iscrizione-AIRE-SIRIA-EDITABILE.pdf\">qui<\/a> o richiesto via email a <a href=\"mailto:consolare.damasco@esteri.it\">consolare.damasco@esteri.it<\/a><\/p>\n<p>Modulo da inviare via posta cartacea, da utilizzare esclusivamente per le nuove iscrizioni e anche per coloro che <strong>provengono da un&#8217;altra circoscrizione consolare<\/strong>, in alternativa alla presentazione della domanda on-line, in caso di problemi tecnici con la piattaforma FAST IT<\/p>\n<p><strong>[Modulo variazione AIRE]<\/strong> pu\u00f2 essere richiesto via email a <a href=\"mailto:consolare.damasco@esteri.it\">consolare.damasco@esteri.it<\/a><\/p>\n<p>Tale modulo va presentato da coloro che chiedono il trasferimento a un altro Paese estero oppure il rientro o il trasferimento in Italia; <strong>non devono usare questo modulo coloro che vogliono chiedere l&#8217;iscrizione\/variazione AIRE oppure che provengono da un&#8217;altra circoscrizione consolare<\/strong><\/p>\n<p>&nbsp;<\/p>\n<p><strong>Istruzioni tecniche per l\u2019accesso al portale FAST-IT<\/strong><\/p>\n<p><a href=\"https:\/\/serviziconsolari.esteri.it\/ScoFE\/index.sco\"><img loading=\"lazy\" decoding=\"async\" src=\"https:\/\/ambbeirut.esteri.it\/ambasciata_beirut\/resource\/img\/2020\/12\/fastit.jpg\" alt=\"fastit\" width=\"402\" height=\"178\" \/><\/a><\/p>\n<p>&nbsp;<\/p>\n<p><strong>Iscrizione all\u2019AIRE<\/strong><\/p>\n<p><strong>1 &#8211; Se non ci si \u00e8 mai iscritti al Portale FAST-IT, sar\u00e0 sufficiente seguire le istruzioni qui di seguito indicate:<\/strong><\/p>\n<p><strong>PRIMO PASSO: Registrati<\/strong><\/p>\n<p>Si dovr\u00e0 confermare il possesso della cittadinanza italiana.<\/p>\n<p>Sar\u00e0 necessario indicare un indirizzo mail e una password (da un minimo di 8 caratteri ad un massimo di 16, perlomeno una lettera maiuscola, un numero e un carattere speciale).<\/p>\n<p><strong>SECONDO PASSO: Attiva l&#8217;account<\/strong><\/p>\n<p>Si ricever\u00e0 una mail all\u2019indirizzo indicato, chiedendo di attivare l\u2019account (cliccare sul link di ATTIVAZIONE UTENZA).<\/p>\n<p>Qualora l\u2019account non sia attivato entro 72 ore, dovr\u00e0 essere richiesto un nuovo codice di attivazione (INVIO NUOVO CODICE DI ATTIVAZIONE).<\/p>\n<p>Si prega di prestare attenzione al fatto che la mail potrebbe essere spostata nella casella di SPAM del proprio account di posta elettronica.<\/p>\n<p><strong>TERZO PASSO: Compila la richiesta<\/strong><\/p>\n<p>Dopo aver attivato l\u2019account, si dovr\u00e0 accedere al sistema per compilare la richiesta di iscrizione AIRE on line, allegando i documenti indicati nella pagina relativa all\u2019Iscrizione AIRE.<\/p>\n<p>Per iniziare la procedura accedere al portale Fast it cliccando sul seguente link:<\/p>\n<p><strong><a href=\"https:\/\/serviziconsolarionline.esteri.it\">https:\/\/serviziconsolarionline.esteri.it<\/a><\/strong><\/p>\n<p>o sul banner del servizio FAST-IT situato nella parte alta della pagina.<\/p>\n<p>&#8212;&#8212;&#8212;&#8212;&#8212;&#8212;&#8212;&#8212;&#8212;&#8212;&#8212;&#8212;&#8212;&#8212;&#8212;&#8212;&#8212;&#8212;&#8212;&#8212;&#8212;-<\/p>\n<p><strong>Cambio di indirizzo all\u2019interno della Circoscrizione Consolare della Siria<br \/>\n<\/strong><\/p>\n<p>Se ci si era iscritti all\u2019AIRE tramite FAST-IT, si \u00e8 gi\u00e0 autenticati nella piattaforma ed \u00e8 possibile visualizzare la propria scheda anagrafica e richiedere il cambio di indirizzo nella stessa Circoscrizione Consolare.<\/p>\n<p>La procedura per il Cambio indirizzo avverr\u00e0 sulla piattaforma FAST-IT, selezionando la voce <strong>\u201cComunicare la variazione della propria residenza\u201d.<\/strong><\/p>\n<p>La piattaforma guider\u00e0 l\u2019utente in maniera intuitiva in modo da concludere con successo l\u2019autenticazione e l\u2019utente ne verr\u00e0 informato via e-mail.<\/p>\n<\/div>\n","protected":false},"excerpt":{"rendered":"L\u2019Anagrafe degli Italiani Residenti all\u2019Estero (A.I.R.E.) contiene i dati dei cittadini italiani che risiedono all\u2019estero per un periodo superiore ai dodici mesi. Essa \u00e8 gestita dai Comuni italiani e dal Ministero dell\u2019Interno sulla base delle informazioni provenienti dagli Uffici consolari. Dato che l&#8217;unico ente titolare delle funzioni anagrafiche \u00e8 il Comune italiano, la richiesta d&#8217;iscrizione [&hellip;]","protected":false},"author":4,"featured_media":0,"parent":47,"menu_order":0,"comment_status":"closed","ping_status":"closed","template":"","meta":{"footnotes":""},"class_list":["post-186","page","type-page","status-publish","hentry"],"_links":{"self":[{"href":"https:\/\/ambdamasco.esteri.it\/it\/wp-json\/wp\/v2\/pages\/186","targetHints":{"allow":["GET"]}}],"collection":[{"href":"https:\/\/ambdamasco.esteri.it\/it\/wp-json\/wp\/v2\/pages"}],"about":[{"href":"https:\/\/ambdamasco.esteri.it\/it\/wp-json\/wp\/v2\/types\/page"}],"author":[{"embeddable":true,"href":"https:\/\/ambdamasco.esteri.it\/it\/wp-json\/wp\/v2\/users\/4"}],"replies":[{"embeddable":true,"href":"https:\/\/ambdamasco.esteri.it\/it\/wp-json\/wp\/v2\/comments?post=186"}],"version-history":[{"count":5,"href":"https:\/\/ambdamasco.esteri.it\/it\/wp-json\/wp\/v2\/pages\/186\/revisions"}],"predecessor-version":[{"id":435,"href":"https:\/\/ambdamasco.esteri.it\/it\/wp-json\/wp\/v2\/pages\/186\/revisions\/435"}],"up":[{"embeddable":true,"href":"https:\/\/ambdamasco.esteri.it\/it\/wp-json\/wp\/v2\/pages\/47"}],"wp:attachment":[{"href":"https:\/\/ambdamasco.esteri.it\/it\/wp-json\/wp\/v2\/media?parent=186"}],"curies":[{"name":"wp","href":"https:\/\/api.w.org\/{rel}","templated":true}]}}