{"id":297,"date":"2023-11-16T11:41:35","date_gmt":"2023-11-16T08:41:35","guid":{"rendered":"https:\/\/ambdamasco.esteri.it\/?page_id=297"},"modified":"2023-11-16T11:41:58","modified_gmt":"2023-11-16T08:41:58","slug":"passaporto-per-minori","status":"publish","type":"page","link":"https:\/\/ambdamasco.esteri.it\/it\/servizi-consolari-e-visti\/servizi-per-il-cittadino-italiano\/passaporti-e-carte-didentita\/passaporto-per-minori\/","title":{"rendered":"Passaporto per Minori"},"content":{"rendered":"<p>I minori possono viaggiare solo se muniti di un proprio passaporto, distinto da quello dei genitori.<\/p>\n<p>Per il rilascio di passaporti a minorenni <strong>\u00e8 sempre necessario il consenso di entrambi i genitori<\/strong>.<\/p>\n<p>Inoltre, \u00e8 indispensabile che, al momento della richiesta di passaporto, l\u2019atto di nascita del minore sia gi\u00e0 stato trascritto presso il Comune di residenza o AIRE del genitore.<\/p>\n<p>In caso contrario, prima di presentare la domanda di passaporto per il minore i genitori devono richiedere all\u2019Ufficio Consolare la trasmissione dell\u2019atto di nascita al Comune di residenza in Italia (v. nascita). Dopo aver trasmesso l\u2019atto, la Cancelleria Consolare deve attendere la conferma dell\u2019avvenuta trascrizione da parte del Comune per poter rilasciare il passaporto.<\/p>\n<p>&nbsp;<\/p>\n<hr \/>\n<h5><\/h5>\n<h5>Passaporto per minori (su richiesta del genitore o di chi esercita la potest\u00e0 genitoriale):<\/h5>\n<p>Documentazione richiesta:<\/p>\n<ul>\n<li>formulario di richiesta;<\/li>\n<li>passaporto precedente o, se si tratta di primo passaporto, un documento d&#8217;identit\u00e0 italiano (carta di identit\u00e0) o straniero (passaporto), munito di foto e firma. Se il passaporto \u00e8 stato smarrito\/rubato \u00e8 necessario presentare una copia della denuncia presso le competenti Autorit\u00e0 di polizia siriane nel luogo presunto di furto\/smarrimento del documento;<\/li>\n<li>per i minori nati in Siria che non sono muniti di alcun documento \u00e8 necessario avere la dichiarazione di stato civile con foto;<\/li>\n<li>due fotografie formato fototessera 35x40mm identiche e recenti, a colori su sfondo bianco, in posizione frontale, a viso scoperto, con gli occhi aperti, evitando che la montatura degli occhiali copra i tratti salienti del viso;<\/li>\n<li>l&#8217;assenso scritto dell&#8217;altro genitore (da rilasciare in calce al formulario di richiesta OPPURE con apposito Atto di Assenso), unitamente a un suo documento con firma e foto (anche in fotocopia). L&#8217;assenso \u00e8 necessario anche se i genitori non sono sposati o se sono separati o divorziati. Se uno dei genitori non ha la cittadinanza di uno dei paesi membri dell\u2019Unione Europea, il modulo di richiesta va firmato alla presenza del funzionario dell&#8217;Ufficio Consolare, previa esibizione di un documento d&#8217;identit\u00e0.<\/li>\n<\/ul>\n<p>La documentazione pu\u00f2 essere anticipata via posta elettronica all&#8217;Ufficio consolare (<a href=\"mailto:consolare.damasco@esteri.it\">consolare.damasco@esteri.it<\/a>) che, constatata la correttezza e la validit\u00e0 dei documenti, fisser\u00e0 un appuntamento al richiedente per il rilascio del passaporto.<\/p>\n<h5><\/h5>\n<h5><span style=\"text-decoration: underline;\">Atto di Assenso<\/span><\/h5>\n<p>Per il rilascio del passaporto ad un minore il consenso formale di entrambi i genitori all\u2019espatrio del minore \u00e8 <strong>indispensabile<\/strong>, indipendentemente dalla nazionalit\u00e0 degli stessi e anche nel caso di genitori naturali, separati o divorziati.<\/p>\n<p>Ai sensi della Legge n. 1185\/1967, art. 3 (aggiornata con le modifiche dell&#8217;art. 24 della Legge n. 3\/2003), nel modulo di domanda di passaporto il cittadino italiano deve indicare obbligatoriamente l&#8217;esistenza di figli minori, siano essi conviventi o meno con il richiedente stesso.<\/p>\n<p>Per questi casi la Legge prevede un esplicito consenso dell&#8217;altro genitore (denominato &#8220;<strong>Atto di Assenso<\/strong>&#8220;). In caso di figli avuti da genitori diversi, per ciascun figlio dovr\u00e0 essere presentato un atto di assenso del rispettivo genitore. L&#8217;atto di assenso \u00e8 valido per sei mesi dalla firma.<\/p>\n<p>Se uno dei genitori \u00e8 deceduto, occorre presentare una copia del certificato di morte.<\/p>\n<p><strong>La legge non consente deroghe all&#8217;atto di assenso<\/strong>. Nel caso in cui non sia possibile ottenere l&#8217;assenso da parte dell&#8217;altro genitore sar\u00e0 necessario richiedere al Capo della Cancelleria Consolare l\u2019emissione di un decreto consolare nelle vesti di Giudice tutelare, previa istanza formale di una delle due parti.<\/p>\n<p>Se il minore \u00e8 residente in Italia, \u00e8 competente il Tribunale dei Minori. Se il minore \u00e8 residente in Siria, \u00e8 competente l\u2019Ambasciata d\u2019Italia in Siria.<\/p>\n<h5><\/h5>\n<h5><span style=\"text-decoration: underline;\">Dichiarazione di accompagnamento<\/span><\/h5>\n<p>Il minore italiano fino a 14 anni pu\u00f2 viaggiare all\u2019estero solo se accompagnato da almeno uno dei genitori. Pu\u00f2 viaggiare accompagnato da persone diverse solo se autorizzato dai genitori stessi tramite una dichiarazione di accompagnamento, che deve essere vistata dalla Rappresentanza consolare (all&#8217;estero) o dalla Questura (in Italia).<br \/>\nLa dichiarazione di accompagnamento deve sempre indicare chiaramente il nome e i riferimenti della persona, dell\u2019ente o della compagnia di trasporto a cui il minore viene affidato per il viaggio.<br \/>\nI genitori devono sottoscrivere la dichiarazione di accompagnamento recandosi personalmente, muniti di un documento di identit\u00e0, presso la Cancelleria Consolare (Ufficio consolare) dell&#8217;Ambasciata d&#8217;Italia a Damasco.<\/p>\n<p>Alcuni aspetti importanti:<\/p>\n<ul>\n<li>la dichiarazione di accompagnamento pu\u00f2 riguardare un solo viaggio (da intendersi come andata e\/o ritorno) dal Paese di residenza del minore con destinazione determinata e non pu\u00f2 eccedere, di norma, il termine massimo di sei mesi;<\/li>\n<li>gli esercenti la responsabilit\u00e0 genitoriale o tutoria possono indicare fino ad un massimo di due accompagnatori, che saranno tuttavia alternativi fra di loro;<\/li>\n<li>nel rendere la dichiarazione di accompagnamento, gli esercenti la responsabilit\u00e0 genitoriale o tutoria possono chiedere che i nominativi degli accompagnatori, la durata del viaggio e la destinazione siano stampati sul passaporto del minore o in alternativa che tali dati siano riportati in una separata attestazione, che verr\u00e0 stampata dall\u2019Ufficio competente;<\/li>\n<li>nel caso in cui il minore sia affidato ad un ente o ad una compagnia di trasporto, per garantire la completezza e la leggibilit\u00e0 dei dati relativi al viaggio, \u00e8 rilasciata unicamente l\u2019attestazione. Si suggerisce, prima di acquistare il biglietto della compagnia di trasporto di verificare che la stessa accetti che il minore sia ad essa affidato.<\/li>\n<\/ul>\n<p>Documentazione richiesta:<\/p>\n<ul>\n<li>formulario di richiesta firmato da entrambi i genitori o da uno di essi con la richiesta dell\u2019altro rilasciata separatamente. Se uno dei genitori non ha la cittadinanza di uno dei paesi membri dell\u2019Unione Europea, il modulo di richiesta va firmato alla presenza del funzionario del Consolato, previa esibizione di un documento d&#8217;identit\u00e0;<\/li>\n<li>i passaporti dei genitori o altro documento di identit\u00e0 con foto e firma;<\/li>\n<li>due fotografie formato fototessera 35x40mm identiche e recenti, a colori su sfondo bianco, in posizione frontale, a viso scoperto, con gli occhi aperti, evitando che la montatura degli occhiali copra i tratti salienti del viso;<\/li>\n<li>passaporto precedente del minore in originale o altro documento d\u2019identit\u00e0 se ne \u00e8 in possesso.<\/li>\n<\/ul>\n<p>Nel caso in cui non sia possibile ottenere l\u2019assenso da parte dell\u2019altro genitore sar\u00e0 necessario richiedere al Capo della Cancelleria Consolare l\u2019emissione di un decreto consolare nelle vesti di Giudice tutelare, previa istanza formale di una delle due parti.<\/p>\n","protected":false},"excerpt":{"rendered":"I minori possono viaggiare solo se muniti di un proprio passaporto, distinto da quello dei genitori. Per il rilascio di passaporti a minorenni \u00e8 sempre necessario il consenso di entrambi i genitori. Inoltre, \u00e8 indispensabile che, al momento della richiesta di passaporto, l\u2019atto di nascita del minore sia gi\u00e0 stato trascritto presso il Comune di [&hellip;]","protected":false},"author":4,"featured_media":0,"parent":49,"menu_order":0,"comment_status":"closed","ping_status":"closed","template":"","meta":{"footnotes":""},"class_list":["post-297","page","type-page","status-publish","hentry"],"_links":{"self":[{"href":"https:\/\/ambdamasco.esteri.it\/it\/wp-json\/wp\/v2\/pages\/297","targetHints":{"allow":["GET"]}}],"collection":[{"href":"https:\/\/ambdamasco.esteri.it\/it\/wp-json\/wp\/v2\/pages"}],"about":[{"href":"https:\/\/ambdamasco.esteri.it\/it\/wp-json\/wp\/v2\/types\/page"}],"author":[{"embeddable":true,"href":"https:\/\/ambdamasco.esteri.it\/it\/wp-json\/wp\/v2\/users\/4"}],"replies":[{"embeddable":true,"href":"https:\/\/ambdamasco.esteri.it\/it\/wp-json\/wp\/v2\/comments?post=297"}],"version-history":[{"count":2,"href":"https:\/\/ambdamasco.esteri.it\/it\/wp-json\/wp\/v2\/pages\/297\/revisions"}],"predecessor-version":[{"id":301,"href":"https:\/\/ambdamasco.esteri.it\/it\/wp-json\/wp\/v2\/pages\/297\/revisions\/301"}],"up":[{"embeddable":true,"href":"https:\/\/ambdamasco.esteri.it\/it\/wp-json\/wp\/v2\/pages\/49"}],"wp:attachment":[{"href":"https:\/\/ambdamasco.esteri.it\/it\/wp-json\/wp\/v2\/media?parent=297"}],"curies":[{"name":"wp","href":"https:\/\/api.w.org\/{rel}","templated":true}]}}