{"id":46,"date":"2023-04-11T18:11:52","date_gmt":"2023-04-11T16:11:52","guid":{"rendered":"https:\/\/ambasciatapraga.esteri.it\/?page_id=46"},"modified":"2025-03-10T11:45:34","modified_gmt":"2025-03-10T08:45:34","slug":"cooperazione-allo-sviluppo","status":"publish","type":"page","link":"https:\/\/ambdamasco.esteri.it\/it\/italia-e-siria\/cooperazione-allo-sviluppo\/","title":{"rendered":"Cooperazione allo sviluppo"},"content":{"rendered":"<p>La Siria \u00e8 caratterizzata da una crisi umanitaria protratta provocata da dodici anni di ostilit\u00e0 e dall\u2019azione congiunta di molteplici fattori, che comprendono una progressiva contrazione economica, una grave crisi sanitaria e le conseguenze del devastante terremoto che il 6 febbraio 2023 ha colpito una vasta area compresa tra la Turchia meridionale e la Siria settentrionale.<\/p>\n<p>OCHA ha stimato in circa 15,3 milioni (compresi 7 milioni di bambini e 2,6 milioni di persone con disabilit\u00e0) il numero di persone in bisogno di assistenza umanitaria in Siria nel 2023, il dato pi\u00f9 elevato negli ultimi anni. La Siria rappresenta anche la pi\u00f9 grave crisi di sfollati al mondo, con un numero di sfollati interni stimato in 6,7 milioni e circa 7 milioni di rifugiati all\u2019estero, in larga parte nei Paesi confinanti.<\/p>\n<p>In Siria la Cooperazione Italiana finanzia iniziative di assistenza umanitaria ed\u00a0<em>early recovery<\/em>\u00a0realizzate da agenzie specializzate delle Nazioni Unite, da Organizzazioni non Governative (ONG) nazionali e internazionali e dalla Mezzaluna Rossa Araba Siriana. Negli ultimi anni l\u2019impegno finanziario a per far fronte alla crisi siriana e\u2019 stato di 45\/50 milioni di Euro all\u2019anno, inclusa l\u2019assistenza ai rifugiati siriani specie in Libano e Giordania. In misura crescente le iniziative sono passate dall\u2019emergenza al sostegno alla resilienza delle comunit\u00e0 migliorando l\u2019accesso alle opportunit\u00e0 di sostentamento e ai servizi di base.<\/p>\n<p>La fine del regime di Assad ed il graduale venir meno delle sanzioni sta mutando profondamente le linee di intervento della Cooperazione che tornano ad orientarsi su iniziative di sviluppo come prima del 2011 e di ricostruzione.<\/p>\n<p>Dal marzo 2025 e\u2019 operativa in Ambasciata un\u2019antenna dell\u2019Agenzia AICS basata a Beirut, per assicurare una costante presenza ed un diretto monitoraggio dei progetti.<\/p>\n<p>In Siria la Cooperazione Italiana finanzia iniziative di assistenza umanitaria ed <em>early recovery<\/em> realizzate da agenzie specializzate delle Nazioni Unite, da Organizzazioni non Governative (ONG) nazionali e internazionali e dalla Mezzaluna Rossa Araba Siriana. Le iniziative finanziate dalla Cooperazione Italiana sono in linea con il <em>Syria Humanitarian Response Plan<\/em> delle Nazioni Unite e mirano a fornire assistenza umanitaria salvavita, rispondere alle esigenze di protezione della popolazione civile e aumentare la resilienza delle comunit\u00e0 migliorando l&#8217;accesso alle opportunit\u00e0 di sostentamento e ai servizi di base.<\/p>\n<p>Notizie e aggiornamenti riguardo gli interventi della Cooperazione Italiana in Siria sono disponibili nel sito istituzionale della sede di Beirut dell\u2019Agenzia Italiana per la Cooperazione allo Sviluppo (AICS), competente per Libano e Siria (<a href=\"https:\/\/beirut.aics.gov.it\/\">link al sito<\/a>).<\/p>\n","protected":false},"excerpt":{"rendered":"La Siria \u00e8 caratterizzata da una crisi umanitaria protratta provocata da dodici anni di ostilit\u00e0 e dall\u2019azione congiunta di molteplici fattori, che comprendono una progressiva contrazione economica, una grave crisi sanitaria e le conseguenze del devastante terremoto che il 6 febbraio 2023 ha colpito una vasta area compresa tra la Turchia meridionale e la Siria [&hellip;]","protected":false},"author":1,"featured_media":0,"parent":14,"menu_order":6,"comment_status":"closed","ping_status":"closed","template":"","meta":{"footnotes":""},"class_list":["post-46","page","type-page","status-publish","hentry"],"_links":{"self":[{"href":"https:\/\/ambdamasco.esteri.it\/it\/wp-json\/wp\/v2\/pages\/46","targetHints":{"allow":["GET"]}}],"collection":[{"href":"https:\/\/ambdamasco.esteri.it\/it\/wp-json\/wp\/v2\/pages"}],"about":[{"href":"https:\/\/ambdamasco.esteri.it\/it\/wp-json\/wp\/v2\/types\/page"}],"author":[{"embeddable":true,"href":"https:\/\/ambdamasco.esteri.it\/it\/wp-json\/wp\/v2\/users\/1"}],"replies":[{"embeddable":true,"href":"https:\/\/ambdamasco.esteri.it\/it\/wp-json\/wp\/v2\/comments?post=46"}],"version-history":[{"count":5,"href":"https:\/\/ambdamasco.esteri.it\/it\/wp-json\/wp\/v2\/pages\/46\/revisions"}],"predecessor-version":[{"id":870,"href":"https:\/\/ambdamasco.esteri.it\/it\/wp-json\/wp\/v2\/pages\/46\/revisions\/870"}],"up":[{"embeddable":true,"href":"https:\/\/ambdamasco.esteri.it\/it\/wp-json\/wp\/v2\/pages\/14"}],"wp:attachment":[{"href":"https:\/\/ambdamasco.esteri.it\/it\/wp-json\/wp\/v2\/media?parent=46"}],"curies":[{"name":"wp","href":"https:\/\/api.w.org\/{rel}","templated":true}]}}