{"id":49,"date":"2023-04-11T18:13:11","date_gmt":"2023-04-11T16:13:11","guid":{"rendered":"https:\/\/ambasciatapraga.esteri.it\/?page_id=49"},"modified":"2025-12-24T17:25:02","modified_gmt":"2025-12-24T14:25:02","slug":"passaporti-e-carte-didentita","status":"publish","type":"page","link":"https:\/\/ambdamasco.esteri.it\/it\/servizi-consolari-e-visti\/servizi-per-il-cittadino-italiano\/passaporti-e-carte-didentita\/","title":{"rendered":"Passaporti e Carte d\u2019identit\u00e0"},"content":{"rendered":"<p>L\u2019Ufficio Consolare dell\u2019Ambasciata d\u2019Italia a Damasco pu\u00f2 rilasciare passaporti. Non \u00e8 invece abilitato al rilascio di carte di identit\u00e0 e carte di identit\u00e0 elettroniche.<\/p>\n<p>&nbsp;<\/p>\n<h5>PASSAPORTO<\/h5>\n<hr \/>\n<p>Il passaporto \u00e8 un documento sia di viaggio sia di riconoscimento rilasciato:<\/p>\n<ul>\n<li>in Italia dalle Questure;<\/li>\n<li>all&#8217;estero dalle Rappresentanze diplomatico-consolari.<\/li>\n<\/ul>\n<p>Il possesso del passaporto \u00e8 indispensabile per entrare in Siria e risiedervi. Il passaporto deve avere una validit\u00e0 residua di almeno 6 mesi (ossia nel giorno della partenza per la Siria il passaporto deve ancora avere almeno 6 mesi di validit\u00e0).<\/p>\n<p>Per <strong>passaporto ordinario<\/strong> si intende il passaporto elettronico costituito da un libretto di 48 pagine a modello unificato.<\/p>\n<p>La validit\u00e0 temporale del passaporto varia in base all\u2019et\u00e0 del titolare:<\/p>\n<ul>\n<li>per i minori di 3 anni la validit\u00e0 \u00e8 di <strong>3 anni<\/strong>;<\/li>\n<li>per i minori dai 3 ai 18 anni la validit\u00e0 \u00e8 di <strong>5 anni<\/strong>;<\/li>\n<li>per i maggiorenni la validit\u00e0 \u00e8 di <strong>10 anni<\/strong>.<\/li>\n<\/ul>\n<p>Alla scadenza della validit\u00e0, riportata all&#8217;interno del documento, <strong>si deve richiedere l&#8217;emissione di un nuovo passaporto<\/strong>. \u00c8 possibile presentare domanda di passaporto a partire da sei mesi prima della scadenza prevista del documento. In particolari condizioni, come ad esempio il rinnovo del permesso di soggiorno libanese, \u00e8 possibile presentare domanda di passaporto anche prima dei sei mesi.<\/p>\n<p><strong>I cittadini italiani residenti in Siria <\/strong>(iscritti AIRE nella circoscrizione consolare di Damasco) possono richiedere il rilascio del passaporto inviando via mail all&#8217;indirizzo <a href=\"mailto:consolare.damasco@esteri.it\">consolare.damasco@esteri.it<\/a> una richiesta di appuntamento.<\/p>\n<p>Anche <strong>i cittadini italiani non residenti in Siria <\/strong>possono eccezionalmente richiedere il rilascio del passaporto, per giustificati e documentati motivi. In questo caso la Cancelleria Consolare deve richiedere le necessarie autorizzazioni all\u2019emissione del documento (<strong>delega e nulla osta<\/strong>) all&#8217;Ufficio territorialmente competente (Questura o Ambasciata\/Consolato italiano nel Paese di residenza dell\u2019interessato) per cui i tempi di rilascio risultano pi\u00f9 lunghi.<\/p>\n<p>Per il rilascio del Passaporto biometrico <strong>\u00e8 sempre necessaria la presenza fisica del richiedente<\/strong> per la rilevazione dei dati biometrici (foto, firma ed impronte digitali): \u00e8 pertanto necessario prendere appuntamento nella modalit\u00e0 sopra descritta e presentarsi di persona.<\/p>\n<h6>Passaporto per maggiorenni<\/h6>\n<p>Documentazione richiesta:<\/p>\n<ul>\n<li>formulario di richiesta (da compilare presso l\u2019Ufficio Consolare);<\/li>\n<li>passaporto precedente o, se si tratta di primo passaporto, un documento d&#8217;identit\u00e0 italiano (carta di identit\u00e0) o straniero (passaporto), munito di foto e firma. Se il passaporto \u00e8 stato smarrito\/rubato, il connazionale \u00e8 invitato a sporgere denuncia presso le Autorit\u00e0 di polizia siriane nel luogo presunto di furto\/smarrimento del documento;<\/li>\n<li>due fotografie formato fototessera 35 x 40 mm identiche e recenti (massimo 6 mesi), a colori su sfondo bianco, in posizione frontale, a viso scoperto, con gli occhi aperti, evitando che la montatura degli occhiali copra i tratti salienti del viso.<\/li>\n<\/ul>\n<h6>Passaporti e viaggi per minori<\/h6>\n<p>Vedi pagina &#8216;<a href=\"https:\/\/ambdamasco.esteri.it\/servizi-consolari-e-visti\/servizi-per-il-cittadino-italiano\/passaporti-e-carte-didentita\/passaporto-per-minori\/\">Minori<\/a>&#8216;<\/p>\n<h6>AVVERTENZE PRATICHE:<\/h6>\n<ul>\n<li><strong>L&#8217;emissione del passaporto avviene solo previo appuntamento;<\/strong><\/li>\n<li><strong>Occorre prenotare un appuntamento distinto per ciascun richiedente\/componente della famiglia, indicandolo nella comunicazione mail. Si ricorda di specificare nella comunicazione e-mail il nome e cognome di tutti i richiedenti del rilascio passaporto;<\/strong><\/li>\n<li><strong>Nel caso in cui la documentazione o la situazione anagrafica del richiedente non risultino complete e aggiornate, non sar\u00e0 possibile procedere al rilascio del passaporto<\/strong>.<\/li>\n<li>Per il costo del passaporto, consultare le tariffe consolari.<\/li>\n<\/ul>\n<h5><\/h5>\n<h5>CARTA D&#8217;IDENTITA&#8217;<\/h5>\n<hr \/>\n<p>La Cancelleria Consolare dell\u2019Ambasciata d\u2019Italia a Damasco non \u00e8 abilitata al rilascio di carte d\u2019identit\u00e0 o carte d\u2019identit\u00e0 elettroniche (CIE). Stiamo lavorando affiche&#8217; i <strong>cittadini italiani residenti in Siria <\/strong>(iscritti AIRE nella circoscrizione consolare di Damasco) possano richiedere la CIE in Italia.<\/p>\n","protected":false},"excerpt":{"rendered":"L\u2019Ufficio Consolare dell\u2019Ambasciata d\u2019Italia a Damasco pu\u00f2 rilasciare passaporti. Non \u00e8 invece abilitato al rilascio di carte di identit\u00e0 e carte di identit\u00e0 elettroniche. &nbsp; PASSAPORTO Il passaporto \u00e8 un documento sia di viaggio sia di riconoscimento rilasciato: in Italia dalle Questure; all&#8217;estero dalle Rappresentanze diplomatico-consolari. Il possesso del passaporto \u00e8 indispensabile per entrare in [&hellip;]","protected":false},"author":1,"featured_media":0,"parent":47,"menu_order":5,"comment_status":"closed","ping_status":"closed","template":"","meta":{"footnotes":""},"class_list":["post-49","page","type-page","status-publish","hentry"],"_links":{"self":[{"href":"https:\/\/ambdamasco.esteri.it\/it\/wp-json\/wp\/v2\/pages\/49","targetHints":{"allow":["GET"]}}],"collection":[{"href":"https:\/\/ambdamasco.esteri.it\/it\/wp-json\/wp\/v2\/pages"}],"about":[{"href":"https:\/\/ambdamasco.esteri.it\/it\/wp-json\/wp\/v2\/types\/page"}],"author":[{"embeddable":true,"href":"https:\/\/ambdamasco.esteri.it\/it\/wp-json\/wp\/v2\/users\/1"}],"replies":[{"embeddable":true,"href":"https:\/\/ambdamasco.esteri.it\/it\/wp-json\/wp\/v2\/comments?post=49"}],"version-history":[{"count":4,"href":"https:\/\/ambdamasco.esteri.it\/it\/wp-json\/wp\/v2\/pages\/49\/revisions"}],"predecessor-version":[{"id":2002,"href":"https:\/\/ambdamasco.esteri.it\/it\/wp-json\/wp\/v2\/pages\/49\/revisions\/2002"}],"up":[{"embeddable":true,"href":"https:\/\/ambdamasco.esteri.it\/it\/wp-json\/wp\/v2\/pages\/47"}],"wp:attachment":[{"href":"https:\/\/ambdamasco.esteri.it\/it\/wp-json\/wp\/v2\/media?parent=49"}],"curies":[{"name":"wp","href":"https:\/\/api.w.org\/{rel}","templated":true}]}}