{"id":67,"date":"2023-04-11T18:17:44","date_gmt":"2023-04-11T16:17:44","guid":{"rendered":"https:\/\/ambasciatapraga.esteri.it\/?page_id=67"},"modified":"2023-11-15T17:56:24","modified_gmt":"2023-11-15T14:56:24","slug":"emergency-travel-documents-etd","status":"publish","type":"page","link":"https:\/\/ambdamasco.esteri.it\/it\/servizi-consolari-e-visti\/servizi-per-il-cittadino-italiano\/emergency-travel-documents-etd\/","title":{"rendered":"Emergency Travel Documents (ETD)"},"content":{"rendered":"<p>A chi perde o subisce il furto del passaporto e deve fare rientro in Italia, l\u2019Ufficio Consolare pu\u00f2 rilasciare un documento di viaggio provvisorio chiamato E.T.D. (Emergency Travel Document), con validit\u00e0 di 5 giorni a partire dalla data del rilascio. Il documento \u00e8 valido per il solo rientro in Italia.<\/p>\n<p>Per ottenere il documento di viaggio provvisorio occorre:<\/p>\n<ul>\n<li>denunciare il furto o lo smarrimento del passaporto alle locali Autorit\u00e0 di Polizia nella localit\u00e0 dove si suppone di aver perso il documento, accompagnando la denuncia con fotocopia del passaporto smarrito e\/o fotocopia di un altro documento di identit\u00e0;<\/li>\n<li>tradurre in lingua italiana e legalizzare la denuncia (vedi pagina: traduzioni e legalizzazioni);<\/li>\n<li>presentare la denuncia legalizzata e tradotta all\u2019Ufficio Consolare.<\/li>\n<\/ul>\n<p>&nbsp;<\/p>\n","protected":false},"excerpt":{"rendered":"A chi perde o subisce il furto del passaporto e deve fare rientro in Italia, l\u2019Ufficio Consolare pu\u00f2 rilasciare un documento di viaggio provvisorio chiamato E.T.D. (Emergency Travel Document), con validit\u00e0 di 5 giorni a partire dalla data del rilascio. Il documento \u00e8 valido per il solo rientro in Italia. Per ottenere il documento di [&hellip;]","protected":false},"author":1,"featured_media":0,"parent":47,"menu_order":4,"comment_status":"closed","ping_status":"closed","template":"","meta":{"footnotes":""},"class_list":["post-67","page","type-page","status-publish","hentry"],"_links":{"self":[{"href":"https:\/\/ambdamasco.esteri.it\/it\/wp-json\/wp\/v2\/pages\/67","targetHints":{"allow":["GET"]}}],"collection":[{"href":"https:\/\/ambdamasco.esteri.it\/it\/wp-json\/wp\/v2\/pages"}],"about":[{"href":"https:\/\/ambdamasco.esteri.it\/it\/wp-json\/wp\/v2\/types\/page"}],"author":[{"embeddable":true,"href":"https:\/\/ambdamasco.esteri.it\/it\/wp-json\/wp\/v2\/users\/1"}],"replies":[{"embeddable":true,"href":"https:\/\/ambdamasco.esteri.it\/it\/wp-json\/wp\/v2\/comments?post=67"}],"version-history":[{"count":2,"href":"https:\/\/ambdamasco.esteri.it\/it\/wp-json\/wp\/v2\/pages\/67\/revisions"}],"predecessor-version":[{"id":180,"href":"https:\/\/ambdamasco.esteri.it\/it\/wp-json\/wp\/v2\/pages\/67\/revisions\/180"}],"up":[{"embeddable":true,"href":"https:\/\/ambdamasco.esteri.it\/it\/wp-json\/wp\/v2\/pages\/47"}],"wp:attachment":[{"href":"https:\/\/ambdamasco.esteri.it\/it\/wp-json\/wp\/v2\/media?parent=67"}],"curies":[{"name":"wp","href":"https:\/\/api.w.org\/{rel}","templated":true}]}}