{"id":98,"date":"2023-04-11T18:24:28","date_gmt":"2023-04-11T16:24:28","guid":{"rendered":"https:\/\/ambasciatapraga.esteri.it\/?page_id=98"},"modified":"2026-02-08T15:17:09","modified_gmt":"2026-02-08T12:17:09","slug":"missioni-archeologiche","status":"publish","type":"page","link":"https:\/\/ambdamasco.esteri.it\/it\/italia-e-siria\/diplomazia-culturale\/missioni-archeologiche\/","title":{"rendered":"Missioni archeologiche"},"content":{"rendered":"<p>L\u2019Italia \u00e8 impegnata da anni nell\u2019organizzazione e nel co-finanziamento di Missioni archeologiche, antropologiche ed etnologiche fuori dei confini nazionali. Le Missioni sono presenti in tutti i continenti e coprono tutti gli ambiti disciplinari, dalla paleoantropologia alla preistoria, dalle civilt\u00e0 palaziali all\u2019archeologia classica, medievale, bizantina e islamica.<\/p>\n<p>La Siria costituisce da decenni una delle aree di maggiore impegno delle nostre missioni, partire da quella storica ad Ebla (presso Aleppo), avviata nel 1964 dal Prof.Paolo Mattiae. Negli anni della crisi le missioni non hanno svolto attivit\u00e0 e ricerca, ma solo di studio dei reperti, l\u2019attivit\u00e0 di scavo \u00e8 prevista ripartire nel corso del 2026 sulla base delle indicazioni della competente Direzione per le Antichit\u00e0.<\/p>\n<p><strong>Le Missioni ad oggi presenti in Siria sono le seguenti:<\/strong><\/p>\n<p>1.UNIVERSITA\u2019 SAPIENZA (prof.Davide Nadali) &#8211; Ebla<\/p>\n<p>2.UNIVERSITA\u2019 SAPIENZA (prof.Marco Galli) \u2013 Giardino Museo di Damasco<\/p>\n<p>3.UNIVERSITA\u2019 FIRENZE (prof.ssa Marina Pucci)\u2013 Museo Aleppo<\/p>\n<p>4.UNIVERSITA\u2019 DI FIRENZE (prof.ssa Marina Pucci) \u2013 Amrit<\/p>\n<p>5.UNIVERSITA\u2019 DI FIRENZE (prof.ssa Felli Candida) \u2013 Tell Afis<\/p>\n<p>6.UNIVERSITA\u2019 PAVIA (prof.Lorenzo D\u2019Alfonso) &#8211; Ugarit<\/p>\n<p>7.AVASA \u2013 Ass.valorizzazione dell\u2019archeologia (prof.Federico Bucellati) \u2013 Tell Mozan<\/p>\n<p>8.MONUMENTA ORIENTALIA (prof.ssa Raffaella Pierobon) \u2013 Tell Barri<\/p>\n<p>9. ISMEO (prof.Giuseppe Salemi) \u2013 Taybat Al Imam<\/p>\n<p>10. CNR (prof.ssa Tatiana Pedrazzi) \u2013 Tell Kazel<\/p>\n","protected":false},"excerpt":{"rendered":"L\u2019Italia \u00e8 impegnata da anni nell\u2019organizzazione e nel co-finanziamento di Missioni archeologiche, antropologiche ed etnologiche fuori dei confini nazionali. Le Missioni sono presenti in tutti i continenti e coprono tutti gli ambiti disciplinari, dalla paleoantropologia alla preistoria, dalle civilt\u00e0 palaziali all\u2019archeologia classica, medievale, bizantina e islamica. La Siria costituisce da decenni una delle aree di [&hellip;]","protected":false},"author":1,"featured_media":0,"parent":44,"menu_order":0,"comment_status":"closed","ping_status":"closed","template":"","meta":{"footnotes":""},"class_list":["post-98","page","type-page","status-publish","hentry"],"_links":{"self":[{"href":"https:\/\/ambdamasco.esteri.it\/it\/wp-json\/wp\/v2\/pages\/98","targetHints":{"allow":["GET"]}}],"collection":[{"href":"https:\/\/ambdamasco.esteri.it\/it\/wp-json\/wp\/v2\/pages"}],"about":[{"href":"https:\/\/ambdamasco.esteri.it\/it\/wp-json\/wp\/v2\/types\/page"}],"author":[{"embeddable":true,"href":"https:\/\/ambdamasco.esteri.it\/it\/wp-json\/wp\/v2\/users\/1"}],"replies":[{"embeddable":true,"href":"https:\/\/ambdamasco.esteri.it\/it\/wp-json\/wp\/v2\/comments?post=98"}],"version-history":[{"count":6,"href":"https:\/\/ambdamasco.esteri.it\/it\/wp-json\/wp\/v2\/pages\/98\/revisions"}],"predecessor-version":[{"id":2075,"href":"https:\/\/ambdamasco.esteri.it\/it\/wp-json\/wp\/v2\/pages\/98\/revisions\/2075"}],"up":[{"embeddable":true,"href":"https:\/\/ambdamasco.esteri.it\/it\/wp-json\/wp\/v2\/pages\/44"}],"wp:attachment":[{"href":"https:\/\/ambdamasco.esteri.it\/it\/wp-json\/wp\/v2\/media?parent=98"}],"curies":[{"name":"wp","href":"https:\/\/api.w.org\/{rel}","templated":true}]}}